{"id":42,"date":"2024-12-04T01:09:45","date_gmt":"2024-12-04T01:09:45","guid":{"rendered":"https:\/\/iesp-hectorvasquezjimenez.edu.pe\/portal\/?page_id=41"},"modified":"2025-05-27T11:55:17","modified_gmt":"2025-05-27T16:55:17","slug":"resena-historica","status":"publish","type":"page","link":"https:\/\/iesmgp.edu.pe\/portal\/resena-historica\/","title":{"rendered":"Rese\u00f1a hist\u00f3rica"},"content":{"rendered":"\n<p>El Proyecto de creaci\u00f3n y funcionamiento se inicia durante los a\u00f1os 1985 y 1986, elaborado por el Profesor Juan Higinio, V\u00e1squez Carri\u00f3n, en coordinaci\u00f3n y apoyo del<br>Concejo Distrital El Porvenir, en la persona del se\u00f1or alcalde Prof. V\u00edctor Moya Obeso, del Supervisor de Educaci\u00f3n del Sector N\u00b0 2 (USE), del Secretario General del PAP Distrital, adem\u00e1s del apoyo y representaci\u00f3n parlamentaria del Dr. Victor Lozano Ib\u00e1\u00f1ez, Diputado por La Libertad.<\/p>\n\n\n\n<p class=\"has-text-align-left\">Con base a la sustentaci\u00f3n del Proyecto, se crea el Instituto Superior Tecnol\u00f3gico Estatal \u201cManuel Gonzales Prada\u201d el d\u00eda 14 de noviembre del a\u00f1o 1986, mediante<br>Resoluci\u00f3n Ministerial N\u00b0 718-86-ED; siendo ministro de Educaci\u00f3n el Prof. Grover Pango Vildoso y presidente de la Rep\u00fablica el Dr. Alan Garc\u00eda P\u00e9rez, con la Carreras<br>Profesionales de Contabilidad, electricidad y Mec\u00e1nica de Producci\u00f3n, con una meta <br>de atenci\u00f3n de 120 estudiantes.<\/p>\n\n\n\n<p>Al no tener local propio inicialmente donde funcionar, se logra el apoyo del Colegio Francisco Lizarzaburu, para poder contar con tres aulas equipadas y una oficina de<br>secretar\u00eda para la atenci\u00f3n de postulantes. Se conformo el Primer equipo de trabajo con el Profesor Mauro Chirinos Guzm\u00e1n y el Relacionista P\u00fablico Tom\u00e1s Urquiaga<br>L\u00f3pez; culminando con el primer examen de Admisi\u00f3n en marzo de 1987, con una capacidad estudiantil que superaba los c\u00e1lculos previstos.<\/p>\n\n\n\n<p>El Concejo Distrital El Porvenir dona mediante Resoluci\u00f3n de Alcald\u00eda un terreno de 6 106,35 mts.2 para el local del instituto, en el Jir\u00f3n Jos\u00e9 Crespo y Castillo N\u00b0 1405 \u2013 1499, el cual estaba en p\u00e9simas condiciones. Y en donde se logr\u00f3 adecuar 03 Aulas de material noble y posteriormente se logra adecuar 03 Aulas m\u00e1s.<\/p>\n\n\n\n<p>En 1992 siendo Presidente de la Rep\u00fablica el Ingeniero Alberto Fujimori Fujimori, se hicieron las gestiones por Docentes del Instituto y el Director ante la Presidencia de la Rep\u00fablica, lo cual ocurre ese mismo a\u00f1o, termin\u00e1ndose de construir y siendo inaugurado por el Presidente Ing. Alberto Fujimori Fujimori el 16 de noviembre de 1994. Este mismo a\u00f1o se logra la Renovaci\u00f3n de Autorizaci\u00f3n de funcionamiento del Instituto, con R.M. N\u00b0 0490-94-ED del 27 de mayo de 1994.<\/p>\n\n\n\n<p>En el a\u00f1o 1996 luego de la evaluaci\u00f3n correspondiente en la Carrera Profesional T\u00e9cnica de Electricidad, se Opta por solicitar el cambio de Especialidad por la Especialidad de Computaci\u00f3n e Inform\u00e1tica ante el Ministerio de Educaci\u00f3n, siendo esta aprobada con R.D. N\u00b0 1122 &#8211; 1996-ED con una meta de 40 estudiantes, especialidad que en la actualidad mantiene la demanda por los postulantes a este Centro Superior de Estudios.<\/p>\n\n\n\n<p>En el a\u00f1o 1997 mediante gestiones del Director (e) Ing. Luis Enrique Garc\u00eda Ibarra ante la Presidencia de la Rep\u00fablica, se logra completar el equipamiento y montaje de la maquinaria en los talleres de Maquinas Herramientas y la donaci\u00f3n de las m\u00e1quinas para el taller de Rectificaciones de motores. As\u00ed mismo conjuntamente con la Asociaci\u00f3n de fabricantes de Calzado AMICAF, el Concejo Distrital El Porvenir y La Primera Vicepresidencia de la Rep\u00fablica se logra Instalar el Maquicentro de Calzado.<br>Este mismo a\u00f1o nuestro Instituto es seleccionado para desarrollar un nuevo modelo de Formaci\u00f3n Profesional a nivel B\u00e1sico por competencias a cargo del Programa \u201cP.A.S.E.\u201d Convenio de La Uni\u00f3n Europea y la Rep\u00fablica del Per\u00fa, mediante el CEFOP N\u00b0 4 en la especialidades de Cuero y Calzado y Planchado y Pintura, por lo cual La Maquinar\u00eda de Calzado del Maquicentro de nuestro Instituto, paso como contrapartida del Ministerio de Educaci\u00f3n a dicho Proyecto, as\u00ed como se le cedi\u00f3 ambientes para aulas y Talleres, en el a\u00f1o 2000 este Programa paso a cargo de Fe y Alegr\u00eda hasta la actualidad.<\/p>\n\n\n\n<p>Desde el a\u00f1o 1998 a Julio del 2003 se nombra como titular de la Direcci\u00f3n del ISTE al profesor Roger Alfredo Oblitas Herrera, quien empieza la implementaci\u00f3n progresiva del Centro de Computo, con computadoras m\u00e1s actualizadas, as\u00ed mismo la implementaci\u00f3n progresiva de la Biblioteca. Y adecuaci\u00f3n del Taller de carpinter\u00eda; desde agosto del 2003 al 2015 la Comunidad educativa es dirigida por el Ing. Luis Enrique Garcia Ibarra, el a\u00f1o 2016 fue dirigida por el Prof. Martin Lavado Lozano, a partir del a\u00f1o 2017 la Comunidad educativa es dirigida por el Dr. Lorenzo Godofredo Perez Arteaga.<\/p>\n\n\n\n<blockquote class=\"wp-block-quote is-layout-flow wp-block-quote-is-layout-flow\">\n<p><\/p>\n<\/blockquote>\n\n\n\n<blockquote class=\"wp-block-quote is-layout-flow wp-block-quote-is-layout-flow\">\n<p><\/p>\n<\/blockquote>\n","protected":false},"excerpt":{"rendered":"<p>El Proyecto de creaci\u00f3n y funcionamiento se inicia durante los a\u00f1os 1985 y 1986, elaborado por el Profesor Juan Higinio, V\u00e1squez Carri\u00f3n, en coordinaci\u00f3n y apoyo delConcejo Distrital El Porvenir, en la persona del se\u00f1or alcalde Prof. V\u00edctor Moya Obeso, del Supervisor de Educaci\u00f3n del Sector N\u00b0 2 (USE), del Secretario General del PAP Distrital, [&hellip;]<\/p>\n","protected":false},"author":1,"featured_media":0,"parent":0,"menu_order":0,"comment_status":"closed","ping_status":"open","template":"","meta":{"saved_in_kubio":true,"footnotes":""},"class_list":["post-42","page","type-page","status-publish","hentry"],"kubio_ai_page_context":{"short_desc":"","purpose":"general"},"_links":{"self":[{"href":"https:\/\/iesmgp.edu.pe\/portal\/wp-json\/wp\/v2\/pages\/42","targetHints":{"allow":["GET"]}}],"collection":[{"href":"https:\/\/iesmgp.edu.pe\/portal\/wp-json\/wp\/v2\/pages"}],"about":[{"href":"https:\/\/iesmgp.edu.pe\/portal\/wp-json\/wp\/v2\/types\/page"}],"author":[{"embeddable":true,"href":"https:\/\/iesmgp.edu.pe\/portal\/wp-json\/wp\/v2\/users\/1"}],"replies":[{"embeddable":true,"href":"https:\/\/iesmgp.edu.pe\/portal\/wp-json\/wp\/v2\/comments?post=42"}],"version-history":[{"count":2,"href":"https:\/\/iesmgp.edu.pe\/portal\/wp-json\/wp\/v2\/pages\/42\/revisions"}],"predecessor-version":[{"id":500,"href":"https:\/\/iesmgp.edu.pe\/portal\/wp-json\/wp\/v2\/pages\/42\/revisions\/500"}],"wp:attachment":[{"href":"https:\/\/iesmgp.edu.pe\/portal\/wp-json\/wp\/v2\/media?parent=42"}],"curies":[{"name":"wp","href":"https:\/\/api.w.org\/{rel}","templated":true}]}}